{"id":65,"date":"2021-03-09T14:02:42","date_gmt":"2021-03-09T13:02:42","guid":{"rendered":"http:\/\/brtech.cz\/?page_id=65"},"modified":"2023-09-04T10:44:16","modified_gmt":"2023-09-04T08:44:16","slug":"domu","status":"publish","type":"page","link":"https:\/\/brtech.cz\/","title":{"rendered":"Dom\u016f"},"content":{"rendered":"\n<figure class=\"wp-block-pullquote has-border-color has-text-color\" style=\"border-color:#abb8c3;color:#0575a5\"><blockquote><p>Na\u0161\u00edm kr\u00e9dem je: &#8222;Zaji\u0161t\u011bn\u00ed dlouhodob\u00e9 oboustrann\u011b spokojen\u00e9 spolupr\u00e1ce.&#8220;<\/p><\/blockquote><\/figure>\n\n\n\n<p class=\"has-text-align-center\"><strong>N\u011bkte\u0159\u00ed z mnoha n\u0161ich spokojen\u00fdch z\u00e1kazn\u00edk\u016f<\/strong><\/p>\n\n\n\n<div class=\"wp-block-columns is-layout-flex wp-container-core-columns-is-layout-9d6595d7 wp-block-columns-is-layout-flex\">\n<div class=\"wp-block-column is-layout-flow wp-block-column-is-layout-flow\">\n<figure class=\"wp-block-image size-full is-resized\"><img loading=\"lazy\" decoding=\"async\" src=\"https:\/\/brtech.cz\/wp-content\/uploads\/2023\/09\/csm_Logo_MUTT_0af905dbd6-2.png\" alt=\"\" class=\"wp-image-304\" width=\"400\" height=\"200\"\/><\/figure>\n<\/div>\n\n\n\n<div class=\"wp-block-column is-layout-flow wp-block-column-is-layout-flow\">\n<figure class=\"wp-block-image size-full is-resized\"><img loading=\"lazy\" decoding=\"async\" src=\"https:\/\/brtech.cz\/wp-content\/uploads\/2023\/09\/cizplogo1.webp\" alt=\"\" class=\"wp-image-308\" width=\"392\" height=\"154\"\/><\/figure>\n<\/div>\n<\/div>\n\n\n\n<div class=\"wp-block-columns is-layout-flex wp-container-core-columns-is-layout-9d6595d7 wp-block-columns-is-layout-flex\">\n<div class=\"wp-block-column is-layout-flow wp-block-column-is-layout-flow\">\n<figure class=\"wp-block-image size-full\"><img loading=\"lazy\" decoding=\"async\" width=\"3600\" height=\"2025\" src=\"https:\/\/brtech.cz\/wp-content\/uploads\/2023\/09\/logo-full.png\" alt=\"\" class=\"wp-image-306\"\/><\/figure>\n<\/div>\n\n\n\n<div class=\"wp-block-column is-layout-flow wp-block-column-is-layout-flow\">\n<figure class=\"wp-block-image size-full\"><img loading=\"lazy\" decoding=\"async\" width=\"440\" height=\"330\" src=\"https:\/\/brtech.cz\/wp-content\/uploads\/2023\/09\/14.jpg\" alt=\"\" class=\"wp-image-307\"\/><\/figure>\n<\/div>\n<\/div>\n","protected":false},"excerpt":{"rendered":"<p>Na\u0161\u00edm kr\u00e9dem je: &#8222;Zaji\u0161t\u011bn\u00ed dlouhodob\u00e9 oboustrann\u011b spokojen\u00e9 spolupr\u00e1ce.&#8220; N\u011bkte\u0159\u00ed z mnoha n\u0161ich spokojen\u00fdch z\u00e1kazn\u00edk\u016f<\/p>\n","protected":false},"author":1,"featured_media":183,"parent":0,"menu_order":0,"comment_status":"closed","ping_status":"closed","template":"","meta":{"footnotes":""},"class_list":["post-65","page","type-page","status-publish","has-post-thumbnail","hentry"],"_links":{"self":[{"href":"https:\/\/brtech.cz\/index.php?rest_route=\/wp\/v2\/pages\/65","targetHints":{"allow":["GET"]}}],"collection":[{"href":"https:\/\/brtech.cz\/index.php?rest_route=\/wp\/v2\/pages"}],"about":[{"href":"https:\/\/brtech.cz\/index.php?rest_route=\/wp\/v2\/types\/page"}],"author":[{"embeddable":true,"href":"https:\/\/brtech.cz\/index.php?rest_route=\/wp\/v2\/users\/1"}],"replies":[{"embeddable":true,"href":"https:\/\/brtech.cz\/index.php?rest_route=%2Fwp%2Fv2%2Fcomments&post=65"}],"version-history":[{"count":7,"href":"https:\/\/brtech.cz\/index.php?rest_route=\/wp\/v2\/pages\/65\/revisions"}],"predecessor-version":[{"id":309,"href":"https:\/\/brtech.cz\/index.php?rest_route=\/wp\/v2\/pages\/65\/revisions\/309"}],"wp:featuredmedia":[{"embeddable":true,"href":"https:\/\/brtech.cz\/index.php?rest_route=\/wp\/v2\/media\/183"}],"wp:attachment":[{"href":"https:\/\/brtech.cz\/index.php?rest_route=%2Fwp%2Fv2%2Fmedia&parent=65"}],"curies":[{"name":"wp","href":"https:\/\/api.w.org\/{rel}","templated":true}]}}